{"id":661,"date":"2025-08-19T15:59:04","date_gmt":"2025-08-19T15:59:04","guid":{"rendered":"https:\/\/www.veterinariosnupec.com\/?post_type=product&#038;p=661"},"modified":"2025-09-07T05:54:35","modified_gmt":"2025-09-07T05:54:35","slug":"nupec-cachorro-rp-8kg","status":"publish","type":"product","link":"https:\/\/veterinariosnupec.com\/es\/producto\/nupec-cachorro-rp-8kg\/","title":{"rendered":"Nupec Cachorro RP 8kg"},"content":{"rendered":"<h4 class=\"wp-block-heading\"><strong><strong><strong>NUPEC PUPPY RAZAS PEQUE\u00d1AS. ALIMENTO SECO PARA CACHORROS DE RAZAS PEQUE\u00d1AS. HEMBRAS PREGNANTES Y LACTANTES DE RAZAS PEQUE\u00d1AS.<\/strong><\/strong><\/strong><\/h4>\n\n\n\n<p><\/p>\n\n\n\n<p class=\"has-small-font-size\" style=\"margin-top:0;margin-bottom:0\">Alimento equilibrado y altamente digestible para cachorros de razas peque\u00f1as. Con \u00e1cidos grasos y prebi\u00f3ticos a\u00f1adidos para mantener un estado f\u00edsico \u00f3ptimo. Fabricado en M\u00e9xico. Prote\u00ednas 28 %, grasas 14 %, fibra 4 %, humedad 9 %.<\/p>\n\n\n\n<p><\/p>\n\n\n\n<p class=\"has-small-font-size\" style=\"margin-top:0;margin-bottom:0\">Digestibilidad (+90 %), alta palatabilidad, vitamina E y selenio org\u00e1nico para favorecer un sistema inmunitario sano, ingredientes controlados desde el origen, pienso especial para perros de razas peque\u00f1as.<br><\/p>\n\n\n\n<div class=\"wp-block-media-text has-media-on-the-right is-stacked-on-mobile has-background\" style=\"background-color:#fafafa;margin-top:var(--wp--preset--spacing--50);margin-bottom:var(--wp--preset--spacing--50);padding-top:var(--wp--preset--spacing--50);padding-right:var(--wp--preset--spacing--40);padding-bottom:var(--wp--preset--spacing--50)\"><div class=\"wp-block-media-text__content\">\n<h2 class=\"wp-block-heading has-medium-font-size\"><strong><em>Beneficios clave:<\/em><\/strong><\/h2>\n\n\n\n<p>1. F\u00f3rmula para cachorros de razas peque\u00f1as (dise\u00f1ada espec\u00edficamente para cachorros y perras gestantes o lactantes de razas peque\u00f1as).<\/p>\n\n\n\n<p>2. Apoyo al sistema inmunol\u00f3gico (vitamina E y selenio org\u00e1nico para fortalecer las defensas).<\/p>\n\n\n\n<p>3. Alta digestibilidad (+90 % de digestibilidad y alta palatabilidad).<\/p>\n\n\n\n<p>4. Ingredientes de origen controlado (ingredientes controlados desde su origen para garantizar su calidad).<\/p>\n\n\n\n<p>5. Dise\u00f1o de croquetas a medida (croquetas especializadas para razas peque\u00f1as y mand\u00edbulas delicadas).<\/p>\n<\/div><figure class=\"wp-block-media-text__media\"><img loading=\"lazy\" decoding=\"async\" width=\"1024\" height=\"1024\" src=\"https:\/\/www.veterinariosnupec.com\/wp-content\/uploads\/2025\/08\/Cachorro-RP-2kg.jpg\" alt=\"\" class=\"wp-image-660 size-full\"\/><\/figure><\/div>","protected":false},"excerpt":{"rendered":"<p>Alimento equilibrado y altamente digestible para cachorros. Con \u00e1cidos grasos y prebi\u00f3ticos a\u00f1adidos para mantener un estado f\u00edsico \u00f3ptimo. Fabricado en M\u00e9xico. Prote\u00ednas 28 %, grasas 14 %, fibra 4 %, humedad 9 %.<\/p>","protected":false},"featured_media":660,"comment_status":"open","ping_status":"closed","template":"","meta":{"_uag_custom_page_level_css":""},"product_brand":[],"product_cat":[15],"product_tag":[],"class_list":{"0":"post-661","1":"product","2":"type-product","3":"status-publish","4":"has-post-thumbnail","6":"product_cat-uncategorized","8":"first","9":"outofstock","10":"shipping-taxable","11":"purchasable","12":"product-type-simple"},"uagb_featured_image_src":{"full":["https:\/\/veterinariosnupec.com\/wp-content\/uploads\/2025\/08\/Cachorro-RP-2kg.jpg",1024,1024,false],"thumbnail":["https:\/\/veterinariosnupec.com\/wp-content\/uploads\/2025\/08\/Cachorro-RP-2kg.jpg",150,150,false],"medium":["https:\/\/veterinariosnupec.com\/wp-content\/uploads\/2025\/08\/Cachorro-RP-2kg.jpg",300,300,false],"medium_large":["https:\/\/veterinariosnupec.com\/wp-content\/uploads\/2025\/08\/Cachorro-RP-2kg.jpg",768,768,false],"large":["https:\/\/veterinariosnupec.com\/wp-content\/uploads\/2025\/08\/Cachorro-RP-2kg.jpg",1024,1024,false],"1536x1536":["https:\/\/veterinariosnupec.com\/wp-content\/uploads\/2025\/08\/Cachorro-RP-2kg.jpg",1024,1024,false],"2048x2048":["https:\/\/veterinariosnupec.com\/wp-content\/uploads\/2025\/08\/Cachorro-RP-2kg.jpg",1024,1024,false],"trp-custom-language-flag":["https:\/\/veterinariosnupec.com\/wp-content\/uploads\/2025\/08\/Cachorro-RP-2kg.jpg",12,12,false],"woocommerce_thumbnail":["https:\/\/veterinariosnupec.com\/wp-content\/uploads\/2025\/08\/Cachorro-RP-2kg.jpg",300,300,false],"woocommerce_single":["https:\/\/veterinariosnupec.com\/wp-content\/uploads\/2025\/08\/Cachorro-RP-2kg.jpg",600,600,false],"woocommerce_gallery_thumbnail":["https:\/\/veterinariosnupec.com\/wp-content\/uploads\/2025\/08\/Cachorro-RP-2kg.jpg",100,100,false]},"uagb_author_info":{"display_name":"emora","author_link":"https:\/\/veterinariosnupec.com\/es\/author\/"},"uagb_comment_info":0,"uagb_excerpt":"Alimento equilibrado y altamente digestible para cachorros. Con \u00e1cidos grasos y prebi\u00f3ticos a\u00f1adidos para mantener un estado f\u00edsico \u00f3ptimo. Fabricado en M\u00e9xico. Prote\u00ednas 28 %, grasas 14 %, fibra 4 %, humedad 9 %.","_links":{"self":[{"href":"https:\/\/veterinariosnupec.com\/es\/wp-json\/wp\/v2\/product\/661","targetHints":{"allow":["GET"]}}],"collection":[{"href":"https:\/\/veterinariosnupec.com\/es\/wp-json\/wp\/v2\/product"}],"about":[{"href":"https:\/\/veterinariosnupec.com\/es\/wp-json\/wp\/v2\/types\/product"}],"replies":[{"embeddable":true,"href":"https:\/\/veterinariosnupec.com\/es\/wp-json\/wp\/v2\/comments?post=661"}],"wp:featuredmedia":[{"embeddable":true,"href":"https:\/\/veterinariosnupec.com\/es\/wp-json\/wp\/v2\/media\/660"}],"wp:attachment":[{"href":"https:\/\/veterinariosnupec.com\/es\/wp-json\/wp\/v2\/media?parent=661"}],"wp:term":[{"taxonomy":"product_brand","embeddable":true,"href":"https:\/\/veterinariosnupec.com\/es\/wp-json\/wp\/v2\/product_brand?post=661"},{"taxonomy":"product_cat","embeddable":true,"href":"https:\/\/veterinariosnupec.com\/es\/wp-json\/wp\/v2\/product_cat?post=661"},{"taxonomy":"product_tag","embeddable":true,"href":"https:\/\/veterinariosnupec.com\/es\/wp-json\/wp\/v2\/product_tag?post=661"}],"curies":[{"name":"wp","href":"https:\/\/api.w.org\/{rel}","templated":true}]}}