{"id":667,"date":"2025-08-19T16:18:08","date_gmt":"2025-08-19T16:18:08","guid":{"rendered":"https:\/\/www.veterinariosnupec.com\/?post_type=product&#038;p=667"},"modified":"2025-09-07T05:54:35","modified_gmt":"2025-09-07T05:54:35","slug":"nupec-felino-kitten-1-5-kg","status":"publish","type":"product","link":"https:\/\/veterinariosnupec.com\/es\/producto\/nupec-felino-kitten-1-5-kg\/","title":{"rendered":"Nupec Felino Kitten 1.5 KG"},"content":{"rendered":"<h4 class=\"wp-block-heading\"><strong><strong>ALIMENTO PARA GATITOS de 0 a 12 meses<\/strong><\/strong><\/h4>\n\n\n\n<p><\/p>\n\n\n\n<p class=\"has-small-font-size\" style=\"margin-top:0;margin-bottom:0\">Alimento balanceado para gatitos de 0 a 12 meses. Formulado con pollo altamente digestible y salm\u00f3n fresco. Con 22 vitaminas y minerales para fortalecer el sistema inmunol\u00f3gico. Fabricado en M\u00e9xico. Prote\u00ednas 35 %, grasas 18 %, fibra 3 %, humedad 10 %.<\/p>\n\n\n\n<p class=\"has-small-font-size\" style=\"margin-top:0;margin-bottom:0\">Alta digestibilidad (+90 %), palatabilidad, f\u00f3rmula especial para un desarrollo neuronal y \u00f3seo \u00f3ptimo en gatitos.<br><\/p>\n\n\n\n<div class=\"wp-block-media-text has-media-on-the-right is-stacked-on-mobile has-background\" style=\"background-color:#fafafa;margin-top:var(--wp--preset--spacing--50);margin-bottom:var(--wp--preset--spacing--50);padding-top:var(--wp--preset--spacing--50);padding-right:var(--wp--preset--spacing--40);padding-bottom:var(--wp--preset--spacing--50)\"><div class=\"wp-block-media-text__content\">\n<h2 class=\"wp-block-heading has-medium-font-size\"><strong><em><strong><em>Beneficios clave:<\/em><\/strong><\/em><\/strong><\/h2>\n\n\n\n<p>1. F\u00f3rmula para el crecimiento de gatitos (35 % de prote\u00ednas y 18 % de grasas para un crecimiento r\u00e1pido, el desarrollo muscular y las necesidades energ\u00e9ticas de los gatitos de 0 a 12 meses).<\/p>\n\n\n\n<p>2. Desarrollo neuronal y \u00f3seo (nutrientes especializados para favorecer la salud cerebral, el funcionamiento del sistema nervioso y una estructura \u00f3sea fuerte).<\/p>\n\n\n\n<p>3. Nutrici\u00f3n que refuerza el sistema inmunitario (22 vitaminas y minerales para fortalecer la inmunidad durante las etapas cr\u00edticas de la primera etapa de la vida).<\/p>\n\n\n\n<p>4. Alta digestibilidad (+90 %) (suave para el delicado est\u00f3mago de los gatitos, para una absorci\u00f3n \u00f3ptima de los nutrientes y una reducci\u00f3n de los trastornos digestivos).<\/p>\n\n\n\n<p>5. Calidad premium fabricada en M\u00e9xico (elaborado con pollo y salm\u00f3n de origen responsable para garantizar la seguridad y la eficacia).<\/p>\n<\/div><figure class=\"wp-block-media-text__media\"><img loading=\"lazy\" decoding=\"async\" width=\"1081\" height=\"1081\" src=\"https:\/\/www.veterinariosnupec.com\/wp-content\/uploads\/2025\/08\/Felino-Kitten-3kg.jpg\" alt=\"\" class=\"wp-image-669 size-full\"\/><\/figure><\/div>","protected":false},"excerpt":{"rendered":"<p>Alimento balanceado para gatitos de 0 a 12 meses. Formulado con pollo altamente digestible y salm\u00f3n fresco. Con 22 vitaminas y minerales para fortalecer el sistema inmunol\u00f3gico. Fabricado en M\u00e9xico. Prote\u00ednas 35 %, grasas 18 %, fibra 3 %, humedad 10 %.<\/p>","protected":false},"featured_media":669,"comment_status":"open","ping_status":"closed","template":"","meta":{"_uag_custom_page_level_css":""},"product_brand":[],"product_cat":[15],"product_tag":[],"class_list":{"0":"post-667","1":"product","2":"type-product","3":"status-publish","4":"has-post-thumbnail","6":"product_cat-uncategorized","8":"first","9":"outofstock","10":"shipping-taxable","11":"purchasable","12":"product-type-simple"},"uagb_featured_image_src":{"full":["https:\/\/veterinariosnupec.com\/wp-content\/uploads\/2025\/08\/Felino-Kitten-3kg.jpg",1081,1081,false],"thumbnail":["https:\/\/veterinariosnupec.com\/wp-content\/uploads\/2025\/08\/Felino-Kitten-3kg.jpg",150,150,false],"medium":["https:\/\/veterinariosnupec.com\/wp-content\/uploads\/2025\/08\/Felino-Kitten-3kg.jpg",300,300,false],"medium_large":["https:\/\/veterinariosnupec.com\/wp-content\/uploads\/2025\/08\/Felino-Kitten-3kg.jpg",768,768,false],"large":["https:\/\/veterinariosnupec.com\/wp-content\/uploads\/2025\/08\/Felino-Kitten-3kg.jpg",1024,1024,false],"1536x1536":["https:\/\/veterinariosnupec.com\/wp-content\/uploads\/2025\/08\/Felino-Kitten-3kg.jpg",1081,1081,false],"2048x2048":["https:\/\/veterinariosnupec.com\/wp-content\/uploads\/2025\/08\/Felino-Kitten-3kg.jpg",1081,1081,false],"trp-custom-language-flag":["https:\/\/veterinariosnupec.com\/wp-content\/uploads\/2025\/08\/Felino-Kitten-3kg.jpg",12,12,false],"woocommerce_thumbnail":["https:\/\/veterinariosnupec.com\/wp-content\/uploads\/2025\/08\/Felino-Kitten-3kg.jpg",300,300,false],"woocommerce_single":["https:\/\/veterinariosnupec.com\/wp-content\/uploads\/2025\/08\/Felino-Kitten-3kg.jpg",600,600,false],"woocommerce_gallery_thumbnail":["https:\/\/veterinariosnupec.com\/wp-content\/uploads\/2025\/08\/Felino-Kitten-3kg.jpg",100,100,false]},"uagb_author_info":{"display_name":"emora","author_link":"https:\/\/veterinariosnupec.com\/es\/author\/"},"uagb_comment_info":0,"uagb_excerpt":"Alimento balanceado para gatitos de 0 a 12 meses. Formulado con pollo altamente digestible y salm\u00f3n fresco. Con 22 vitaminas y minerales para fortalecer el sistema inmunol\u00f3gico. Fabricado en M\u00e9xico. Prote\u00ednas 35 %, grasas 18 %, fibra 3 %, humedad 10 %.","_links":{"self":[{"href":"https:\/\/veterinariosnupec.com\/es\/wp-json\/wp\/v2\/product\/667","targetHints":{"allow":["GET"]}}],"collection":[{"href":"https:\/\/veterinariosnupec.com\/es\/wp-json\/wp\/v2\/product"}],"about":[{"href":"https:\/\/veterinariosnupec.com\/es\/wp-json\/wp\/v2\/types\/product"}],"replies":[{"embeddable":true,"href":"https:\/\/veterinariosnupec.com\/es\/wp-json\/wp\/v2\/comments?post=667"}],"wp:featuredmedia":[{"embeddable":true,"href":"https:\/\/veterinariosnupec.com\/es\/wp-json\/wp\/v2\/media\/669"}],"wp:attachment":[{"href":"https:\/\/veterinariosnupec.com\/es\/wp-json\/wp\/v2\/media?parent=667"}],"wp:term":[{"taxonomy":"product_brand","embeddable":true,"href":"https:\/\/veterinariosnupec.com\/es\/wp-json\/wp\/v2\/product_brand?post=667"},{"taxonomy":"product_cat","embeddable":true,"href":"https:\/\/veterinariosnupec.com\/es\/wp-json\/wp\/v2\/product_cat?post=667"},{"taxonomy":"product_tag","embeddable":true,"href":"https:\/\/veterinariosnupec.com\/es\/wp-json\/wp\/v2\/product_tag?post=667"}],"curies":[{"name":"wp","href":"https:\/\/api.w.org\/{rel}","templated":true}]}}