{"id":678,"date":"2025-08-19T17:24:14","date_gmt":"2025-08-19T17:24:14","guid":{"rendered":"https:\/\/www.veterinariosnupec.com\/?post_type=product&#038;p=678"},"modified":"2025-09-07T05:54:34","modified_gmt":"2025-09-07T05:54:34","slug":"nupec-sensitive-2-kg","status":"publish","type":"product","link":"https:\/\/veterinariosnupec.com\/es\/producto\/nupec-sensitive-2-kg\/","title":{"rendered":"Nupec Sensitive 2 kg"},"content":{"rendered":"<h4 class=\"wp-block-heading\"><strong><strong><strong>NUPEC SENSITIVE. ALIMENTO SECO PARA PERROS CON PIEL SENSIBLE CON SALM\u00d3N Y PROTE\u00cdNA DE POLLO.<br><\/strong><\/strong><\/strong><\/h4>\n\n\n\n<p><\/p>\n\n\n\n<p class=\"has-small-font-size\" style=\"margin-top:0;margin-bottom:0\">Alimento balanceado y altamente digestible para perros diagnosticados con alergias alimentarias. Con \u00e1cidos grasos y prebi\u00f3ticos a\u00f1adidos para mantener una condici\u00f3n corporal \u00f3ptima. Reemplaza los ingredientes alerg\u00e9nicos y restaura la piel y el pelaje. Fabricado en M\u00e9xico. Prote\u00edna 20 %, grasa 18 %, fibra 5 %, humedad 10 %.<\/p>\n\n\n\n<p class=\"has-small-font-size\" style=\"margin-top:0;margin-bottom:0\">Digestibilidad (+90%), alta palatabilidad, sustituci\u00f3n de ingredientes alerg\u00e9nicos, recuperaci\u00f3n de la piel y el pelaje, f\u00f3rmula especial para perros mayores, ingredientes controlados desde el origen.<\/p>\n\n\n\n<div class=\"wp-block-media-text has-media-on-the-right is-stacked-on-mobile has-background\" style=\"background-color:#fafafa;margin-top:var(--wp--preset--spacing--50);margin-bottom:var(--wp--preset--spacing--50);padding-top:var(--wp--preset--spacing--50);padding-right:var(--wp--preset--spacing--40);padding-bottom:var(--wp--preset--spacing--50)\"><div class=\"wp-block-media-text__content\">\n<h2 class=\"wp-block-heading has-medium-font-size\"><strong><em><strong><em>Beneficios clave:<\/em><\/strong><\/em><\/strong><\/h2>\n\n\n\n<ul class=\"wp-block-list\">\n<li>1. F\u00f3rmula hipoalerg\u00e9nica (sustituye los ingredientes alerg\u00e9nicos para tratar las sensibilidades y alergias alimentarias).<\/li>\n\n\n\n<li>2. Restauraci\u00f3n de la piel y el pelaje (\u00e1cidos grasos y nutrici\u00f3n espec\u00edfica para curar la piel irritada y mejorar la salud del pelaje).<\/li>\n\n\n\n<li>3. Doble fuente de prote\u00ednas (salm\u00f3n y pollo como prote\u00ednas digestibles y de alta calidad para perros sensibles).<\/li>\n\n\n\n<li>4. Alta digestibilidad (+90 %) (suave para est\u00f3magos sensibles y maximiza la absorci\u00f3n de nutrientes).<\/li>\n\n\n\n<li>5. Seguridad de los ingredientes controlados (ingredientes rigurosamente seleccionados y supervisados para evitar al\u00e9rgenos).<\/li>\n<\/ul>\n<\/div><figure class=\"wp-block-media-text__media\"><img loading=\"lazy\" decoding=\"async\" width=\"1081\" height=\"1081\" src=\"https:\/\/www.veterinariosnupec.com\/wp-content\/uploads\/2025\/08\/sensitive.jpg\" alt=\"\" class=\"wp-image-679 size-full\"\/><\/figure><\/div>","protected":false},"excerpt":{"rendered":"<p>Alimento balanceado y altamente digestible para perros diagnosticados con alergias alimentarias. Con \u00e1cidos grasos y prebi\u00f3ticos a\u00f1adidos para mantener una condici\u00f3n corporal \u00f3ptima.<span data-mce-type=\"bookmark\" style=\"display: inline-block; width: 0px; overflow: hidden; line-height: 0;\" class=\"mce_SELRES_start\"><\/span><\/p>","protected":false},"featured_media":679,"comment_status":"open","ping_status":"closed","template":"","meta":{"_uag_custom_page_level_css":""},"product_brand":[],"product_cat":[15],"product_tag":[],"class_list":{"0":"post-678","1":"product","2":"type-product","3":"status-publish","4":"has-post-thumbnail","6":"product_cat-uncategorized","8":"first","9":"outofstock","10":"shipping-taxable","11":"purchasable","12":"product-type-simple"},"uagb_featured_image_src":{"full":["https:\/\/veterinariosnupec.com\/wp-content\/uploads\/2025\/08\/sensitive.jpg",1081,1081,false],"thumbnail":["https:\/\/veterinariosnupec.com\/wp-content\/uploads\/2025\/08\/sensitive.jpg",150,150,false],"medium":["https:\/\/veterinariosnupec.com\/wp-content\/uploads\/2025\/08\/sensitive.jpg",300,300,false],"medium_large":["https:\/\/veterinariosnupec.com\/wp-content\/uploads\/2025\/08\/sensitive.jpg",768,768,false],"large":["https:\/\/veterinariosnupec.com\/wp-content\/uploads\/2025\/08\/sensitive.jpg",1024,1024,false],"1536x1536":["https:\/\/veterinariosnupec.com\/wp-content\/uploads\/2025\/08\/sensitive.jpg",1081,1081,false],"2048x2048":["https:\/\/veterinariosnupec.com\/wp-content\/uploads\/2025\/08\/sensitive.jpg",1081,1081,false],"trp-custom-language-flag":["https:\/\/veterinariosnupec.com\/wp-content\/uploads\/2025\/08\/sensitive.jpg",12,12,false],"woocommerce_thumbnail":["https:\/\/veterinariosnupec.com\/wp-content\/uploads\/2025\/08\/sensitive.jpg",300,300,false],"woocommerce_single":["https:\/\/veterinariosnupec.com\/wp-content\/uploads\/2025\/08\/sensitive.jpg",600,600,false],"woocommerce_gallery_thumbnail":["https:\/\/veterinariosnupec.com\/wp-content\/uploads\/2025\/08\/sensitive.jpg",100,100,false]},"uagb_author_info":{"display_name":"emora","author_link":"https:\/\/veterinariosnupec.com\/es\/author\/"},"uagb_comment_info":0,"uagb_excerpt":"Alimento balanceado y altamente digestible para perros diagnosticados con alergias alimentarias. Con \u00e1cidos grasos y prebi\u00f3ticos a\u00f1adidos para mantener una condici\u00f3n corporal \u00f3ptima.\ufeff","_links":{"self":[{"href":"https:\/\/veterinariosnupec.com\/es\/wp-json\/wp\/v2\/product\/678","targetHints":{"allow":["GET"]}}],"collection":[{"href":"https:\/\/veterinariosnupec.com\/es\/wp-json\/wp\/v2\/product"}],"about":[{"href":"https:\/\/veterinariosnupec.com\/es\/wp-json\/wp\/v2\/types\/product"}],"replies":[{"embeddable":true,"href":"https:\/\/veterinariosnupec.com\/es\/wp-json\/wp\/v2\/comments?post=678"}],"wp:featuredmedia":[{"embeddable":true,"href":"https:\/\/veterinariosnupec.com\/es\/wp-json\/wp\/v2\/media\/679"}],"wp:attachment":[{"href":"https:\/\/veterinariosnupec.com\/es\/wp-json\/wp\/v2\/media?parent=678"}],"wp:term":[{"taxonomy":"product_brand","embeddable":true,"href":"https:\/\/veterinariosnupec.com\/es\/wp-json\/wp\/v2\/product_brand?post=678"},{"taxonomy":"product_cat","embeddable":true,"href":"https:\/\/veterinariosnupec.com\/es\/wp-json\/wp\/v2\/product_cat?post=678"},{"taxonomy":"product_tag","embeddable":true,"href":"https:\/\/veterinariosnupec.com\/es\/wp-json\/wp\/v2\/product_tag?post=678"}],"curies":[{"name":"wp","href":"https:\/\/api.w.org\/{rel}","templated":true}]}}