{"id":685,"date":"2025-08-19T19:37:31","date_gmt":"2025-08-19T19:37:31","guid":{"rendered":"https:\/\/www.veterinariosnupec.com\/?post_type=product&#038;p=685"},"modified":"2025-09-07T05:54:34","modified_gmt":"2025-09-07T05:54:34","slug":"nupec-felino-urinary-management-1-5-kg","status":"publish","type":"product","link":"https:\/\/veterinariosnupec.com\/es\/producto\/nupec-felino-urinary-management-1-5-kg\/","title":{"rendered":"Nupec Felino Urinary Management 1.5 kg"},"content":{"rendered":"<h4 class=\"wp-block-heading\"><strong><strong><strong>Alimento completo y balanceado para gatos mayores de un a\u00f1o, auxiliar en el mantenimiento integral de la salud urinaria.<\/strong><\/strong><\/strong><\/h4>\n\n\n\n<p><\/p>\n\n\n\n<p class=\"has-small-font-size\" style=\"margin-top:0;margin-bottom:0\">Alimento completo y balanceado para gatos mayores de un a\u00f1o, auxiliar en el mantenimiento integral de la salud urinaria. Fabricado en M\u00e9xico. Prote\u00edna 32.5%, Grasa 12.5%, Fibra 4.0%, Humedad 11%. Ceniza 6%, N.E.P. 34.0%.<\/p>\n\n\n\n<p><\/p>\n\n\n\n<p class=\"has-small-font-size\" style=\"margin-top:0;margin-bottom:0\">F\u00d3RMULA DISE\u00d1ADA PARA FAVORECER EL EQUILIBRIO DEL pH URINARIO. NIVELES CONTROLADOS DE MINERALES. ALTO CONTENIDO CAL\u00d3RICO* PARA COMPENSAR LA DISMINUCI\u00d3N DEL APETITO *En comparaci\u00f3n con NUPEC Felino Adult Indoor.<\/p>\n\n\n\n<div class=\"wp-block-media-text has-media-on-the-right is-stacked-on-mobile has-background\" style=\"background-color:#fafafa;margin-top:var(--wp--preset--spacing--50);margin-bottom:var(--wp--preset--spacing--50);padding-top:var(--wp--preset--spacing--50);padding-right:var(--wp--preset--spacing--40);padding-bottom:var(--wp--preset--spacing--50)\"><div class=\"wp-block-media-text__content\">\n<h2 class=\"wp-block-heading has-medium-font-size\"><strong><em><strong><em>Beneficios clave:<\/em><\/strong><\/em><\/strong><\/h2>\n\n\n\n<ul class=\"wp-block-list\">\n<li>1. SABOR ATRACTIVO: Estimula el apetito del gato<\/li>\n\n\n\n<li>2. L-CARNITINA: Favorece el metabolismo de las grasas<\/li>\n\n\n\n<li>3. PREBI\u00d3TICOS : Favorecen el desarrollo de bacterias beneficiosas<\/li>\n\n\n\n<li>4. CONCENTRADO DE AR\u00c1NDANO Rojo: Ayuda a acidificar la orina<\/li>\n\n\n\n<li>5. NIVELES DE MINERALES CONTROLADOS: Previene la formaci\u00f3n de cristales en la orina <\/li>\n\n\n\n<li>6. Yucca schidigera: Ayuda a reducir el olor de las heces<\/li>\n<\/ul>\n<\/div><figure class=\"wp-block-media-text__media\"><img loading=\"lazy\" decoding=\"async\" width=\"1024\" height=\"1024\" src=\"https:\/\/www.veterinariosnupec.com\/wp-content\/uploads\/2025\/08\/Urinary-Management.png\" alt=\"\" class=\"wp-image-686 size-full\"\/><\/figure><\/div>","protected":false},"excerpt":{"rendered":"<p>Alimento completo y balanceado para gatos mayores de un a\u00f1o, auxiliar en el mantenimiento integral de la salud urinaria. Fabricado en M\u00e9xico. Prote\u00edna 32.5%, Grasa 12.5%, Fibra 4.0%, Humedad 11%. Ceniza 6%, N.E.P. 34.0%.<\/p>","protected":false},"featured_media":686,"comment_status":"open","ping_status":"closed","template":"","meta":{"_uag_custom_page_level_css":""},"product_brand":[],"product_cat":[15],"product_tag":[],"class_list":{"0":"post-685","1":"product","2":"type-product","3":"status-publish","4":"has-post-thumbnail","6":"product_cat-uncategorized","8":"first","9":"outofstock","10":"shipping-taxable","11":"purchasable","12":"product-type-simple"},"uagb_featured_image_src":{"full":["https:\/\/veterinariosnupec.com\/wp-content\/uploads\/2025\/08\/Urinary-Management.png",1024,1024,false],"thumbnail":["https:\/\/veterinariosnupec.com\/wp-content\/uploads\/2025\/08\/Urinary-Management.png",150,150,false],"medium":["https:\/\/veterinariosnupec.com\/wp-content\/uploads\/2025\/08\/Urinary-Management.png",300,300,false],"medium_large":["https:\/\/veterinariosnupec.com\/wp-content\/uploads\/2025\/08\/Urinary-Management.png",768,768,false],"large":["https:\/\/veterinariosnupec.com\/wp-content\/uploads\/2025\/08\/Urinary-Management.png",1024,1024,false],"1536x1536":["https:\/\/veterinariosnupec.com\/wp-content\/uploads\/2025\/08\/Urinary-Management.png",1024,1024,false],"2048x2048":["https:\/\/veterinariosnupec.com\/wp-content\/uploads\/2025\/08\/Urinary-Management.png",1024,1024,false],"trp-custom-language-flag":["https:\/\/veterinariosnupec.com\/wp-content\/uploads\/2025\/08\/Urinary-Management.png",12,12,false],"woocommerce_thumbnail":["https:\/\/veterinariosnupec.com\/wp-content\/uploads\/2025\/08\/Urinary-Management.png",300,300,false],"woocommerce_single":["https:\/\/veterinariosnupec.com\/wp-content\/uploads\/2025\/08\/Urinary-Management.png",600,600,false],"woocommerce_gallery_thumbnail":["https:\/\/veterinariosnupec.com\/wp-content\/uploads\/2025\/08\/Urinary-Management.png",100,100,false]},"uagb_author_info":{"display_name":"emora","author_link":"https:\/\/veterinariosnupec.com\/es\/author\/"},"uagb_comment_info":0,"uagb_excerpt":"Alimento completo y balanceado para gatos mayores de un a\u00f1o, auxiliar en el mantenimiento integral de la salud urinaria. Fabricado en M\u00e9xico. Prote\u00edna 32.5%, Grasa 12.5%, Fibra 4.0%, Humedad 11%. Ceniza 6%, N.E.P. 34.0%.","_links":{"self":[{"href":"https:\/\/veterinariosnupec.com\/es\/wp-json\/wp\/v2\/product\/685","targetHints":{"allow":["GET"]}}],"collection":[{"href":"https:\/\/veterinariosnupec.com\/es\/wp-json\/wp\/v2\/product"}],"about":[{"href":"https:\/\/veterinariosnupec.com\/es\/wp-json\/wp\/v2\/types\/product"}],"replies":[{"embeddable":true,"href":"https:\/\/veterinariosnupec.com\/es\/wp-json\/wp\/v2\/comments?post=685"}],"wp:featuredmedia":[{"embeddable":true,"href":"https:\/\/veterinariosnupec.com\/es\/wp-json\/wp\/v2\/media\/686"}],"wp:attachment":[{"href":"https:\/\/veterinariosnupec.com\/es\/wp-json\/wp\/v2\/media?parent=685"}],"wp:term":[{"taxonomy":"product_brand","embeddable":true,"href":"https:\/\/veterinariosnupec.com\/es\/wp-json\/wp\/v2\/product_brand?post=685"},{"taxonomy":"product_cat","embeddable":true,"href":"https:\/\/veterinariosnupec.com\/es\/wp-json\/wp\/v2\/product_cat?post=685"},{"taxonomy":"product_tag","embeddable":true,"href":"https:\/\/veterinariosnupec.com\/es\/wp-json\/wp\/v2\/product_tag?post=685"}],"curies":[{"name":"wp","href":"https:\/\/api.w.org\/{rel}","templated":true}]}}